

{"id":8804,"date":"2020-06-08T19:33:53","date_gmt":"2020-06-08T17:33:53","guid":{"rendered":"https:\/\/albal.es\/areas-y-servicios-2\/secretaria-ayuntamiento\/padron-y-estadistica\/sollicitud-de-certificat-dempadronament\/"},"modified":"2024-11-11T14:14:38","modified_gmt":"2024-11-11T13:14:38","slug":"solicitud-de-certificado-de-empadronamiento","status":"publish","type":"page","link":"https:\/\/albal.es\/es\/areas-y-servicios-2\/secretaria-ayuntamiento\/padron-y-estadistica\/solicitud-de-certificado-de-empadronamiento\/","title":{"rendered":"Solicitud de certificado de empadronamiento"},"content":{"rendered":"<p>[et_pb_section fb_built=\u00bb1&#8243; custom_padding_last_edited=\u00bbon|phone\u00bb admin_label=\u00bbcontent-cab-area\u00bb module_class=\u00bbcontent-cab-area\u00bb _builder_version=\u00bb4.16&#8243; background_color=\u00bb#e2e1de\u00bb custom_padding=\u00bb25px||25px||false|false\u00bb custom_padding_tablet=\u00bb\u00bb custom_padding_phone=\u00bb||0px||false|false\u00bb collapsed=\u00bboff\u00bb global_colors_info=\u00bb{}\u00bb][et_pb_row disabled_on=\u00bbon|off|off\u00bb admin_label=\u00bbDesabilitado en moviles (Content migas pan)\u00bb _builder_version=\u00bb4.16&#8243; custom_padding=\u00bb0px||0px||false|false\u00bb locked=\u00bbon\u00bb collapsed=\u00bbon\u00bb global_colors_info=\u00bb{}\u00bb][et_pb_column type=\u00bb4_4&#8243; _builder_version=\u00bb4.16&#8243; global_colors_info=\u00bb{}\u00bb][et_pb_dmb_breadcrumbs admin_label=\u00bbMigas pan\u00bb font_icon=\u00bb%%20%%\u00bb use_home_icon=\u00bboff\u00bb use_home_text=\u00bbon\u00bb home_text=\u00bbInici\u00bb _builder_version=\u00bb4.16&#8243; global_colors_info=\u00bb{}\u00bb][\/et_pb_dmb_breadcrumbs][\/et_pb_column][\/et_pb_row][et_pb_row use_custom_gutter=\u00bbon\u00bb make_equal=\u00bbon\u00bb custom_padding_last_edited=\u00bbon|phone\u00bb module_class=\u00bbcab-area\u00bb _builder_version=\u00bb4.16&#8243; background_enable_image=\u00bboff\u00bb background_size=\u00bbinitial\u00bb background_position=\u00bbcenter_left\u00bb custom_padding=\u00bb25px||0px||false|false\u00bb custom_padding_tablet=\u00bb\u00bb custom_padding_phone=\u00bb15px||||false|false\u00bb global_colors_info=\u00bb{}\u00bb][et_pb_column type=\u00bb4_4&#8243; _builder_version=\u00bb4.16&#8243; global_colors_info=\u00bb{}\u00bb][et_pb_text admin_label=\u00bbIntro\u00bb module_class=\u00bbtit-area\u00bb _builder_version=\u00bb4.16&#8243; text_font_size=\u00bb21px\u00bb text_line_height=\u00bb1.3em\u00bb header_4_line_height=\u00bb1.5em\u00bb global_colors_info=\u00bb{}\u00bb]<\/p>\n<h4>\u00c1reas y servicios | Secretar\u00eda | PADR\u00d3N y ESTAD\u00cdSTICA<\/h4>\n<h1>\u200b<img decoding=\"async\" class=\"size-medium alignleft lazyload\" data-src=\"https:\/\/albal-ayto.es\/img\/iconos\/documento-casa-45x45-negro.svg\" alt=\"\" width=\"45\" height=\"45\" src=\"data:image\/svg+xml;base64,PHN2ZyB3aWR0aD0iMSIgaGVpZ2h0PSIxIiB4bWxucz0iaHR0cDovL3d3dy53My5vcmcvMjAwMC9zdmciPjwvc3ZnPg==\" style=\"--smush-placeholder-width: 45px; --smush-placeholder-aspect-ratio: 45\/45;\" \/>Solicitud de certificado de empadronamiento<\/h1>\n<p>Complete el formulario y en breve recibir\u00e1 en su domicilio el certificado de empadronamiento solicitado.[\/et_pb_text][\/et_pb_column][\/et_pb_row][et_pb_row column_structure=\u00bb1_2,1_2&#8243; _builder_version=\u00bb4.16&#8243; global_colors_info=\u00bb{}\u00bb][et_pb_column type=\u00bb1_2&#8243; _builder_version=\u00bb4.16&#8243; global_colors_info=\u00bb{}\u00bb][dsm_contact_form_7 cf7_library=\u00bb7703&#8243; label_bottom_spacing=\u00bb0px\u00bb input_background_color=\u00bb#f2f2f2&#8243; admin_label=\u00bbFormulario\u00bb module_class=\u00bbform-albal form-empadro\u00bb _builder_version=\u00bb4.16&#8243; labels_font=\u00bb|700|||||||\u00bb labels_font_size=\u00bb19px\u00bb labels_line_height=\u00bb1.5em\u00bb input_textarea_select_text_color=\u00bb#777777&#8243; input_textarea_select_font_size=\u00bb18px\u00bb radio_checkbox_font=\u00bb||||||||\u00bb radio_checkbox_font_size=\u00bb19px\u00bb background_color=\u00bb#ffffff\u00bb custom_button_one=\u00bbon\u00bb button_one_text_size=\u00bb18px\u00bb button_one_text_color=\u00bb#ffffff\u00bb custom_padding=\u00bb30px|30px|30px|30px|true|true\u00bb custom_padding_tablet=\u00bb\u00bb custom_padding_phone=\u00bb30px|15px|30px|15px|true|true\u00bb custom_padding_last_edited=\u00bbon|phone\u00bb border_radii=\u00bbon|10px|10px|10px|10px\u00bb border_width_all=\u00bb1px\u00bb border_color_all=\u00bb#cccccc\u00bb border_radii_image=\u00bbon|10px|10px|10px|10px\u00bb global_colors_info=\u00bb{}\u00bb][\/dsm_contact_form_7][\/et_pb_column][et_pb_column type=\u00bb1_2&#8243; _builder_version=\u00bb4.16&#8243; global_colors_info=\u00bb{}\u00bb][et_pb_text admin_label=\u00bbIntro\u00bb _builder_version=\u00bb4.16&#8243; header_3_font_size=\u00bb24px\u00bb header_3_line_height=\u00bb1.2em\u00bb max_width=\u00bb75%\u00bb max_width_tablet=\u00bb\u00bb max_width_phone=\u00bb100%\u00bb max_width_last_edited=\u00bbon|phone\u00bb global_colors_info=\u00bb{}\u00bb]<\/p>\n<h3>A trav\u00e9s de este formulario usted solicitar\u00e1 un certificado del Padr\u00f3n:<\/h3>\n<ul>\n<li>El certificado ser\u00e1 remitido por correo ordinario al domicilio que consta en el Padr\u00f3n.<\/li>\n<li>Le rogamos que nos indique su n\u00famero de tel\u00e9fono para poder contactar con usted si hubiera alguna incidencia.<\/li>\n<li>Solo se emitir\u00e1n certificados por esta v\u00eda a personas que est\u00e9n dados de alta en el Padr\u00f3n Municipal de Habitantes de Albal.<\/li>\n<\/ul>\n<p>[\/et_pb_text][\/et_pb_column][\/et_pb_row][\/et_pb_section]<\/p>\n","protected":false},"excerpt":{"rendered":"<p>\u00c1reas y servicios | Secretar\u00eda | PADR\u00d3N y ESTAD\u00cdSTICA \u200bSolicitud de certificado de empadronamiento Complete el formulario y en breve recibir\u00e1 en su domicilio el certificado de empadronamiento solicitado.<div class=\"et_pb_with_border et_pb_module dsm_contact_form_7 dsm_contact_form_7_0 form-albal form-empadro\">\n\t\t\t\t\n\t\t\t\t\n\t\t\t\t\n\t\t\t\t\n\t\t\t\t\n\t\t\t\t\n\t\t\t\t<div class=\"et_pb_module_inner\">\n\t\t\t\t\t<div class=\"\">\n\t\t\t\t\n<div class=\"wpcf7 no-js\" id=\"wpcf7-f11434-o1\" lang=\"es-ES\" dir=\"ltr\" data-wpcf7-id=\"11434\">\n<div class=\"screen-reader-response\"><p role=\"status\" aria-live=\"polite\" aria-atomic=\"true\"><\/p> <ul><\/ul><\/div>\n<form action=\"\/es\/wp-json\/wp\/v2\/pages\/8804#wpcf7-f11434-o1\" method=\"post\" class=\"wpcf7-form init\" aria-label=\"Formulario de contacto\" novalidate=\"novalidate\" data-status=\"init\">\n<fieldset class=\"hidden-fields-container\"><input type=\"hidden\" name=\"_wpcf7\" value=\"11434\" \/><input type=\"hidden\" name=\"_wpcf7_version\" value=\"6.1.5\" \/><input type=\"hidden\" name=\"_wpcf7_locale\" value=\"es_ES\" \/><input type=\"hidden\" name=\"_wpcf7_unit_tag\" value=\"wpcf7-f11434-o1\" \/><input type=\"hidden\" name=\"_wpcf7_container_post\" value=\"0\" \/><input type=\"hidden\" name=\"_wpcf7_posted_data_hash\" value=\"\" \/><input type=\"hidden\" name=\"_wpcf7_recaptcha_response\" value=\"\" \/>\n<\/fieldset>\n<div class=\"fila-form\">\n\t<p><label> Nombre y apellidos<span class=\"aster\">*<\/span><br \/>\n<span class=\"wpcf7-form-control-wrap\" data-name=\"your-name\"><input size=\"40\" maxlength=\"400\" class=\"wpcf7-form-control wpcf7-text wpcf7-validates-as-required\" aria-required=\"true\" aria-invalid=\"false\" value=\"\" type=\"text\" name=\"your-name\" \/><\/span> <\/label>\n\t<\/p>\n<\/div>\n<div class=\"fila-form content-dni\">\n\t<p><label class=\"dni\"> DNI <span class=\"aster\">*<\/span><br \/>\n<span class=\"wpcf7-form-control-wrap\" data-name=\"dni\"><input size=\"40\" maxlength=\"400\" class=\"wpcf7-form-control wpcf7-text wpcf7-validates-as-required\" aria-required=\"true\" aria-invalid=\"false\" value=\"\" type=\"text\" name=\"dni\" \/><\/span> <\/label>\n\t<\/p>\n<\/div>\n<div class=\"fila-form content-mail-telf\">\n\t<p><label class=\"cont-telf\"> Tel\u00e9fono<span class=\"aster\">*<\/span><br \/>\n<span class=\"wpcf7-form-control-wrap\" data-name=\"telefono\"><input size=\"40\" maxlength=\"400\" class=\"wpcf7-form-control wpcf7-tel wpcf7-validates-as-required wpcf7-text wpcf7-validates-as-tel\" aria-required=\"true\" aria-invalid=\"false\" value=\"\" type=\"tel\" name=\"telefono\" \/><\/span><\/label><br \/>\n<label class=\"cont-email\"> Correo electr\u00f3nico<span class=\"aster\">*<\/span><br \/>\n<span class=\"wpcf7-form-control-wrap\" data-name=\"your-email\"><input size=\"40\" maxlength=\"400\" class=\"wpcf7-form-control wpcf7-email wpcf7-validates-as-required wpcf7-text wpcf7-validates-as-email\" aria-required=\"true\" aria-invalid=\"false\" value=\"\" type=\"email\" name=\"your-email\" \/><\/span> <\/label>\n\t<\/p>\n<\/div>\n<div class=\"content-opciones\">\n\t<p><span class=\"wpcf7-form-control-wrap\" data-name=\"opcio\"><span class=\"wpcf7-form-control wpcf7-radio\"><span class=\"wpcf7-list-item first\"><input type=\"radio\" name=\"opcio\" value=\"Individual\" checked=\"checked\" \/><span class=\"wpcf7-list-item-label\">Individual<\/span><\/span><span class=\"wpcf7-list-item last\"><input type=\"radio\" name=\"opcio\" value=\"Incluir hist\u00f3rico\" \/><span class=\"wpcf7-list-item-label\">Incluir hist\u00f3rico<\/span><\/span><\/span><\/span>\n\t<\/p>\n<\/div>\n<div class=\"content-conformidad\">\n\t<p><span class=\"wpcf7-form-control-wrap\" data-name=\"accepacio-terms\"><span class=\"wpcf7-form-control wpcf7-acceptance\"><span class=\"wpcf7-list-item\"><input type=\"checkbox\" name=\"accepacio-terms\" value=\"1\" aria-invalid=\"false\" \/><\/span><\/span><\/span> He leido y acepto las <a href=\"https:\/\/albal.es\/politica-de-privacitat\/\" target=\"_blank\">condiciones sobre tratamiento y protecci\u00f3n de datos.<\/a>\n\t<\/p>\n<\/div>\n\n<div class=\"content-enviar\">\n\t<p><button class=\"wpcf7-form-control wpcf7-submit has-spinner et_pb_button et_pb_bg_layout_light\" type=\"submit\" value=\"Enviar\">Enviar<\/button>\n\t<\/p>\n<\/div>\n<div class=\"content-leyenda-form\">\n\t<p>Responsable de les dades: Ayuntamiento de Albal | Finalidad: Responder a las solicitudes del formulario | Legitimaci\u00f3n: Su consentimiento expreso | Destinatario: Ayuntamiento de Albal (datos almacenados solo en cliente de correo electr\u00f3nico) | Derechos: Tiene derecho al acceso, rectificaci\u00f3n, supresi\u00f3n, limitaci\u00f3n, portabilidad y olvido de sus datos.\n\t<\/p>\n<\/div><div class=\"wpcf7-response-output\" aria-hidden=\"true\"><\/div>\n<\/form>\n<\/div>\n\n\t\t\t<\/div>\n\t\t\t\t<\/div>\n\t\t\t<\/div>A trav\u00e9s de este formulario usted solicitar\u00e1 un certificado del Padr\u00f3n: El certificado ser\u00e1 remitido por correo ordinario al domicilio que consta en el Padr\u00f3n. Le rogamos que nos indique su n\u00famero de tel\u00e9fono para poder contactar con usted si hubiera alguna incidencia. Solo se emitir\u00e1n certificados por esta v\u00eda a personas que est\u00e9n dados de alta en el Padr\u00f3n Municipal de Habitantes de Albal.<\/p>\n","protected":false},"author":2,"featured_media":0,"parent":558,"menu_order":0,"comment_status":"closed","ping_status":"closed","template":"","meta":{"_acf_changed":false,"_et_pb_use_builder":"on","_et_pb_old_content":"","_et_gb_content_width":"","footnotes":""},"coauthors":[70],"class_list":["post-8804","page","type-page","status-publish","hentry"],"acf":[],"yoast_head":"<!-- This site is optimized with the Yoast SEO plugin v27.4 - https:\/\/yoast.com\/product\/yoast-seo-wordpress\/ -->\n<title>Solicitud de certificado de empadronamiento - Albal (Valencia)<\/title>\n<meta name=\"robots\" content=\"index, follow, max-snippet:-1, max-image-preview:large, max-video-preview:-1\" \/>\n<link rel=\"canonical\" href=\"https:\/\/albal.es\/es\/areas-y-servicios-2\/secretaria-ayuntamiento\/padron-y-estadistica\/solicitud-de-certificado-de-empadronamiento\/\" \/>\n<meta property=\"og:locale\" content=\"es_ES\" \/>\n<meta property=\"og:type\" content=\"article\" \/>\n<meta property=\"og:title\" content=\"Solicitud de certificado de empadronamiento - Albal (Valencia)\" \/>\n<meta property=\"og:description\" content=\"\u00c1reas y servicios | Secretar\u00eda | PADR\u00d3N y ESTAD\u00cdSTICA \u200bSolicitud de certificado de empadronamiento Complete el formulario y en breve recibir\u00e1 en su domicilio el certificado de empadronamiento solicitado.A trav\u00e9s de este formulario usted solicitar\u00e1 un certificado del Padr\u00f3n: El certificado ser\u00e1 remitido por correo ordinario al domicilio que consta en el Padr\u00f3n. Le rogamos que nos indique su n\u00famero de tel\u00e9fono para poder contactar con usted si hubiera alguna incidencia. Solo se emitir\u00e1n certificados por esta v\u00eda a personas que est\u00e9n dados de alta en el Padr\u00f3n Municipal de Habitantes de Albal.\" \/>\n<meta property=\"og:site_name\" content=\"Ajuntament d&#039;Albal\" \/>\n<meta property=\"article:publisher\" content=\"https:\/\/facebook.com\/AjuntamentAlbal\/\" \/>\n<meta property=\"article:modified_time\" content=\"2024-11-11T13:14:38+00:00\" \/>\n<meta property=\"og:image\" content=\"https:\/\/albal-ayto.es\/img\/iconos\/documento-casa-45x45-negro.svg\" \/>\n<meta name=\"twitter:card\" content=\"summary_large_image\" \/>\n<meta name=\"twitter:label1\" content=\"Tiempo de lectura\" \/>\n\t<meta name=\"twitter:data1\" content=\"3 minutos\" \/>\n\t<meta name=\"twitter:label2\" content=\"Written by\" \/>\n\t<meta name=\"twitter:data2\" content=\"Miguel \u00c1ngel\" \/>\n<script type=\"application\/ld+json\" class=\"yoast-schema-graph\">{\"@context\":\"https:\\\/\\\/schema.org\",\"@graph\":[{\"@type\":\"WebPage\",\"@id\":\"https:\\\/\\\/albal.es\\\/es\\\/areas-y-servicios-2\\\/secretaria-ayuntamiento\\\/padron-y-estadistica\\\/solicitud-de-certificado-de-empadronamiento\\\/\",\"url\":\"https:\\\/\\\/albal.es\\\/es\\\/areas-y-servicios-2\\\/secretaria-ayuntamiento\\\/padron-y-estadistica\\\/solicitud-de-certificado-de-empadronamiento\\\/\",\"name\":\"Solicitud de certificado de empadronamiento - Albal (Valencia)\",\"isPartOf\":{\"@id\":\"https:\\\/\\\/albal.es\\\/es\\\/#website\"},\"primaryImageOfPage\":{\"@id\":\"https:\\\/\\\/albal.es\\\/es\\\/areas-y-servicios-2\\\/secretaria-ayuntamiento\\\/padron-y-estadistica\\\/solicitud-de-certificado-de-empadronamiento\\\/#primaryimage\"},\"image\":{\"@id\":\"https:\\\/\\\/albal.es\\\/es\\\/areas-y-servicios-2\\\/secretaria-ayuntamiento\\\/padron-y-estadistica\\\/solicitud-de-certificado-de-empadronamiento\\\/#primaryimage\"},\"thumbnailUrl\":\"https:\\\/\\\/albal-ayto.es\\\/img\\\/iconos\\\/documento-casa-45x45-negro.svg\",\"datePublished\":\"2020-06-08T17:33:53+00:00\",\"dateModified\":\"2024-11-11T13:14:38+00:00\",\"breadcrumb\":{\"@id\":\"https:\\\/\\\/albal.es\\\/es\\\/areas-y-servicios-2\\\/secretaria-ayuntamiento\\\/padron-y-estadistica\\\/solicitud-de-certificado-de-empadronamiento\\\/#breadcrumb\"},\"inLanguage\":\"es\",\"potentialAction\":[{\"@type\":\"ReadAction\",\"target\":[\"https:\\\/\\\/albal.es\\\/es\\\/areas-y-servicios-2\\\/secretaria-ayuntamiento\\\/padron-y-estadistica\\\/solicitud-de-certificado-de-empadronamiento\\\/\"]}]},{\"@type\":\"ImageObject\",\"inLanguage\":\"es\",\"@id\":\"https:\\\/\\\/albal.es\\\/es\\\/areas-y-servicios-2\\\/secretaria-ayuntamiento\\\/padron-y-estadistica\\\/solicitud-de-certificado-de-empadronamiento\\\/#primaryimage\",\"url\":\"https:\\\/\\\/albal-ayto.es\\\/img\\\/iconos\\\/documento-casa-45x45-negro.svg\",\"contentUrl\":\"https:\\\/\\\/albal-ayto.es\\\/img\\\/iconos\\\/documento-casa-45x45-negro.svg\"},{\"@type\":\"BreadcrumbList\",\"@id\":\"https:\\\/\\\/albal.es\\\/es\\\/areas-y-servicios-2\\\/secretaria-ayuntamiento\\\/padron-y-estadistica\\\/solicitud-de-certificado-de-empadronamiento\\\/#breadcrumb\",\"itemListElement\":[{\"@type\":\"ListItem\",\"position\":1,\"name\":\"Inici\",\"item\":\"https:\\\/\\\/albal.es\\\/es\\\/\"},{\"@type\":\"ListItem\",\"position\":2,\"name\":\"\u00c1reas y Servicios\",\"item\":\"https:\\\/\\\/albal.es\\\/es\\\/areas-y-servicios-2\\\/\"},{\"@type\":\"ListItem\",\"position\":3,\"name\":\"Secretaria\",\"item\":\"https:\\\/\\\/albal.es\\\/es\\\/areas-y-servicios-2\\\/secretaria-ayuntamiento\\\/\"},{\"@type\":\"ListItem\",\"position\":4,\"name\":\"Padr\u00f3n y Estad\u00edstica\",\"item\":\"https:\\\/\\\/albal.es\\\/es\\\/areas-y-servicios-2\\\/secretaria-ayuntamiento\\\/padron-y-estadistica\\\/\"},{\"@type\":\"ListItem\",\"position\":5,\"name\":\"Solicitud de certificado de empadronamiento\"}]},{\"@type\":\"WebSite\",\"@id\":\"https:\\\/\\\/albal.es\\\/es\\\/#website\",\"url\":\"https:\\\/\\\/albal.es\\\/es\\\/\",\"name\":\"Ajuntament d&#039;Albal\",\"description\":\"Ajuntament d&#039;Albal\",\"publisher\":{\"@id\":\"https:\\\/\\\/albal.es\\\/es\\\/#organization\"},\"potentialAction\":[{\"@type\":\"SearchAction\",\"target\":{\"@type\":\"EntryPoint\",\"urlTemplate\":\"https:\\\/\\\/albal.es\\\/es\\\/?s={search_term_string}\"},\"query-input\":{\"@type\":\"PropertyValueSpecification\",\"valueRequired\":true,\"valueName\":\"search_term_string\"}}],\"inLanguage\":\"es\"},{\"@type\":\"Organization\",\"@id\":\"https:\\\/\\\/albal.es\\\/es\\\/#organization\",\"name\":\"Ajuntament d'Albal - Valencia\",\"url\":\"https:\\\/\\\/albal.es\\\/es\\\/\",\"logo\":{\"@type\":\"ImageObject\",\"inLanguage\":\"es\",\"@id\":\"https:\\\/\\\/albal.es\\\/es\\\/#\\\/schema\\\/logo\\\/image\\\/\",\"url\":\"https:\\\/\\\/albal.es\\\/content-albal\\\/uploads\\\/2020\\\/06\\\/logo-ayuntamiento-albal.png\",\"contentUrl\":\"https:\\\/\\\/albal.es\\\/content-albal\\\/uploads\\\/2020\\\/06\\\/logo-ayuntamiento-albal.png\",\"width\":367,\"height\":332,\"caption\":\"Ajuntament d'Albal - Valencia\"},\"image\":{\"@id\":\"https:\\\/\\\/albal.es\\\/es\\\/#\\\/schema\\\/logo\\\/image\\\/\"},\"sameAs\":[\"https:\\\/\\\/facebook.com\\\/AjuntamentAlbal\\\/\"]}]}<\/script>\n<!-- \/ Yoast SEO plugin. -->","yoast_head_json":{"title":"Solicitud de certificado de empadronamiento - Albal (Valencia)","robots":{"index":"index","follow":"follow","max-snippet":"max-snippet:-1","max-image-preview":"max-image-preview:large","max-video-preview":"max-video-preview:-1"},"canonical":"https:\/\/albal.es\/es\/areas-y-servicios-2\/secretaria-ayuntamiento\/padron-y-estadistica\/solicitud-de-certificado-de-empadronamiento\/","og_locale":"es_ES","og_type":"article","og_title":"Solicitud de certificado de empadronamiento - Albal (Valencia)","og_description":"\u00c1reas y servicios | Secretar\u00eda | PADR\u00d3N y ESTAD\u00cdSTICA \u200bSolicitud de certificado de empadronamiento Complete el formulario y en breve recibir\u00e1 en su domicilio el certificado de empadronamiento solicitado.A trav\u00e9s de este formulario usted solicitar\u00e1 un certificado del Padr\u00f3n: El certificado ser\u00e1 remitido por correo ordinario al domicilio que consta en el Padr\u00f3n. Le rogamos que nos indique su n\u00famero de tel\u00e9fono para poder contactar con usted si hubiera alguna incidencia. Solo se emitir\u00e1n certificados por esta v\u00eda a personas que est\u00e9n dados de alta en el Padr\u00f3n Municipal de Habitantes de Albal.","og_site_name":"Ajuntament d&#039;Albal","article_publisher":"https:\/\/facebook.com\/AjuntamentAlbal\/","article_modified_time":"2024-11-11T13:14:38+00:00","og_image":[{"url":"https:\/\/albal-ayto.es\/img\/iconos\/documento-casa-45x45-negro.svg","type":"","width":"","height":""}],"twitter_card":"summary_large_image","twitter_misc":{"Tiempo de lectura":"3 minutos","Written by":"Miguel \u00c1ngel"},"schema":{"@context":"https:\/\/schema.org","@graph":[{"@type":"WebPage","@id":"https:\/\/albal.es\/es\/areas-y-servicios-2\/secretaria-ayuntamiento\/padron-y-estadistica\/solicitud-de-certificado-de-empadronamiento\/","url":"https:\/\/albal.es\/es\/areas-y-servicios-2\/secretaria-ayuntamiento\/padron-y-estadistica\/solicitud-de-certificado-de-empadronamiento\/","name":"Solicitud de certificado de empadronamiento - Albal (Valencia)","isPartOf":{"@id":"https:\/\/albal.es\/es\/#website"},"primaryImageOfPage":{"@id":"https:\/\/albal.es\/es\/areas-y-servicios-2\/secretaria-ayuntamiento\/padron-y-estadistica\/solicitud-de-certificado-de-empadronamiento\/#primaryimage"},"image":{"@id":"https:\/\/albal.es\/es\/areas-y-servicios-2\/secretaria-ayuntamiento\/padron-y-estadistica\/solicitud-de-certificado-de-empadronamiento\/#primaryimage"},"thumbnailUrl":"https:\/\/albal-ayto.es\/img\/iconos\/documento-casa-45x45-negro.svg","datePublished":"2020-06-08T17:33:53+00:00","dateModified":"2024-11-11T13:14:38+00:00","breadcrumb":{"@id":"https:\/\/albal.es\/es\/areas-y-servicios-2\/secretaria-ayuntamiento\/padron-y-estadistica\/solicitud-de-certificado-de-empadronamiento\/#breadcrumb"},"inLanguage":"es","potentialAction":[{"@type":"ReadAction","target":["https:\/\/albal.es\/es\/areas-y-servicios-2\/secretaria-ayuntamiento\/padron-y-estadistica\/solicitud-de-certificado-de-empadronamiento\/"]}]},{"@type":"ImageObject","inLanguage":"es","@id":"https:\/\/albal.es\/es\/areas-y-servicios-2\/secretaria-ayuntamiento\/padron-y-estadistica\/solicitud-de-certificado-de-empadronamiento\/#primaryimage","url":"https:\/\/albal-ayto.es\/img\/iconos\/documento-casa-45x45-negro.svg","contentUrl":"https:\/\/albal-ayto.es\/img\/iconos\/documento-casa-45x45-negro.svg"},{"@type":"BreadcrumbList","@id":"https:\/\/albal.es\/es\/areas-y-servicios-2\/secretaria-ayuntamiento\/padron-y-estadistica\/solicitud-de-certificado-de-empadronamiento\/#breadcrumb","itemListElement":[{"@type":"ListItem","position":1,"name":"Inici","item":"https:\/\/albal.es\/es\/"},{"@type":"ListItem","position":2,"name":"\u00c1reas y Servicios","item":"https:\/\/albal.es\/es\/areas-y-servicios-2\/"},{"@type":"ListItem","position":3,"name":"Secretaria","item":"https:\/\/albal.es\/es\/areas-y-servicios-2\/secretaria-ayuntamiento\/"},{"@type":"ListItem","position":4,"name":"Padr\u00f3n y Estad\u00edstica","item":"https:\/\/albal.es\/es\/areas-y-servicios-2\/secretaria-ayuntamiento\/padron-y-estadistica\/"},{"@type":"ListItem","position":5,"name":"Solicitud de certificado de empadronamiento"}]},{"@type":"WebSite","@id":"https:\/\/albal.es\/es\/#website","url":"https:\/\/albal.es\/es\/","name":"Ajuntament d&#039;Albal","description":"Ajuntament d&#039;Albal","publisher":{"@id":"https:\/\/albal.es\/es\/#organization"},"potentialAction":[{"@type":"SearchAction","target":{"@type":"EntryPoint","urlTemplate":"https:\/\/albal.es\/es\/?s={search_term_string}"},"query-input":{"@type":"PropertyValueSpecification","valueRequired":true,"valueName":"search_term_string"}}],"inLanguage":"es"},{"@type":"Organization","@id":"https:\/\/albal.es\/es\/#organization","name":"Ajuntament d'Albal - Valencia","url":"https:\/\/albal.es\/es\/","logo":{"@type":"ImageObject","inLanguage":"es","@id":"https:\/\/albal.es\/es\/#\/schema\/logo\/image\/","url":"https:\/\/albal.es\/content-albal\/uploads\/2020\/06\/logo-ayuntamiento-albal.png","contentUrl":"https:\/\/albal.es\/content-albal\/uploads\/2020\/06\/logo-ayuntamiento-albal.png","width":367,"height":332,"caption":"Ajuntament d'Albal - Valencia"},"image":{"@id":"https:\/\/albal.es\/es\/#\/schema\/logo\/image\/"},"sameAs":["https:\/\/facebook.com\/AjuntamentAlbal\/"]}]}},"publishpress_future_workflow_manual_trigger":{"enabledWorkflows":[]},"_links":{"self":[{"href":"https:\/\/albal.es\/es\/wp-json\/wp\/v2\/pages\/8804","targetHints":{"allow":["GET"]}}],"collection":[{"href":"https:\/\/albal.es\/es\/wp-json\/wp\/v2\/pages"}],"about":[{"href":"https:\/\/albal.es\/es\/wp-json\/wp\/v2\/types\/page"}],"author":[{"embeddable":true,"href":"https:\/\/albal.es\/es\/wp-json\/wp\/v2\/users\/2"}],"replies":[{"embeddable":true,"href":"https:\/\/albal.es\/es\/wp-json\/wp\/v2\/comments?post=8804"}],"version-history":[{"count":0,"href":"https:\/\/albal.es\/es\/wp-json\/wp\/v2\/pages\/8804\/revisions"}],"up":[{"embeddable":true,"href":"https:\/\/albal.es\/es\/wp-json\/wp\/v2\/pages\/558"}],"wp:attachment":[{"href":"https:\/\/albal.es\/es\/wp-json\/wp\/v2\/media?parent=8804"}],"wp:term":[{"taxonomy":"author","embeddable":true,"href":"https:\/\/albal.es\/es\/wp-json\/wp\/v2\/coauthors?post=8804"}],"curies":[{"name":"wp","href":"https:\/\/api.w.org\/{rel}","templated":true}]}}