

{"id":56665,"date":"2024-07-24T10:27:52","date_gmt":"2024-07-24T08:27:52","guid":{"rendered":"https:\/\/albal.es\/?page_id=56665"},"modified":"2024-07-24T11:22:21","modified_gmt":"2024-07-24T09:22:21","slug":"politica-privacidad-app-radio-sol","status":"publish","type":"page","link":"https:\/\/albal.es\/es\/politica-privacidad-app-radio-sol\/","title":{"rendered":"Pol\u00edtica Privacidad App M\u00f3vil R\u00e1dio Sol"},"content":{"rendered":"<p>[et_pb_section fb_built=\u00bb1&#8243; _builder_version=\u00bb4.25.2&#8243; _module_preset=\u00bbdefault\u00bb global_colors_info=\u00bb{}\u00bb][et_pb_row _builder_version=\u00bb4.25.2&#8243; _module_preset=\u00bbdefault\u00bb global_colors_info=\u00bb{}\u00bb][et_pb_column type=\u00bb4_4&#8243; _builder_version=\u00bb4.25.2&#8243; _module_preset=\u00bbdefault\u00bb global_colors_info=\u00bb{}\u00bb][et_pb_text _builder_version=\u00bb4.25.2&#8243; _module_preset=\u00bbdefault\u00bb global_colors_info=\u00bb{}\u00bb]<\/p>\n<h1><strong>Pol\u00edtica de Privacidad Aplicaci\u00f3n \u2013 R\u00e1dio Sol Albal<\/strong><\/h1>\n<p><strong>\u00a0<\/strong><\/p>\n<h2><strong>1. Informaci\u00f3n que no recopilamos<\/strong><\/h2>\n<p>La aplicaci\u00f3n <strong>R\u00e0dio <\/strong><b>Sol Albal<\/b> no recopila, almacena, ni comparte ning\u00fan tipo de informaci\u00f3n personal del usuario. No requerimos ning\u00fan tipo de registro, ingreso de datos personales, ni acceso a informaci\u00f3n sensible de su dispositivo.<\/p>\n<p>&nbsp;<\/p>\n<h2><strong>2. Acceso a recursos del dispositivo<\/strong><\/h2>\n<p>Para proporcionar la funcionalidad de escuchar radio online, la aplicaci\u00f3n puede requerir acceso a la conexi\u00f3n de internet de su dispositivo. Este acceso es necesario \u00fanicamente para la transmisi\u00f3n de la se\u00f1al de radio y no implica la recopilaci\u00f3n de datos personales.<\/p>\n<p>&nbsp;<\/p>\n<h2><strong>3. Enlaces a sitios web de terceros<\/strong><\/h2>\n<p>La aplicaci\u00f3n puede contener enlaces a sitios web de terceros o servicios que no son operados por nosotros. Si hace clic en un enlace de un tercero, ser\u00e1 dirigido al sitio de ese tercero. Le recomendamos enf\u00e1ticamente que revise la Pol\u00edtica de Privacidad de cada sitio que visite. No tenemos control sobre el contenido, las pol\u00edticas de privacidad o las pr\u00e1cticas de sitios o servicios de terceros y no asumimos ninguna responsabilidad por ellos.<\/p>\n<p>&nbsp;<\/p>\n<h2><strong>4. Cambios en esta Pol\u00edtica de Privacidad<\/strong><\/h2>\n<p>Podemos actualizar nuestra Pol\u00edtica de Privacidad de vez en cuando. Le notificaremos de cualquier cambio publicando la nueva Pol\u00edtica de Privacidad en esta p\u00e1gina. Se recomienda revisar esta Pol\u00edtica de Privacidad peri\u00f3dicamente para cualquier cambio. Los cambios a esta Pol\u00edtica de Privacidad son efectivos cuando se publican en esta p\u00e1gina.<\/p>\n<p>&nbsp;<\/p>\n<h2><strong>5. Contacto<\/strong><\/h2>\n<p>Si tiene alguna pregunta sobre esta Pol\u00edtica de Privacidad, por favor cont\u00e1ctenos a trav\u00e9s del correo electr\u00f3nico: radiosol@albal.es.<\/p>\n<p>[\/et_pb_text][\/et_pb_column][\/et_pb_row][\/et_pb_section]<\/p>\n","protected":false},"excerpt":{"rendered":"<p>Pol\u00edtica de Privacidad Aplicaci\u00f3n \u2013 R\u00e1dio Sol Albal \u00a0 1. Informaci\u00f3n que no recopilamos La aplicaci\u00f3n R\u00e0dio Sol Albal no recopila, almacena, ni comparte ning\u00fan tipo de informaci\u00f3n personal del usuario. No requerimos ning\u00fan tipo de registro, ingreso de datos personales, ni acceso a informaci\u00f3n sensible de su dispositivo. &nbsp; 2. Acceso a recursos del dispositivo Para proporcionar la funcionalidad de escuchar radio online, la aplicaci\u00f3n puede requerir acceso a la conexi\u00f3n de internet de su dispositivo. Este acceso es necesario \u00fanicamente para la transmisi\u00f3n de la se\u00f1al de radio y no implica la recopilaci\u00f3n de datos personales. &nbsp; 3. Enlaces a sitios web de terceros La aplicaci\u00f3n puede contener enlaces a sitios web de terceros o servicios que no son operados por nosotros. Si hace clic en un enlace de un tercero, ser\u00e1 dirigido al sitio de ese tercero. Le recomendamos enf\u00e1ticamente que revise la Pol\u00edtica de Privacidad de cada sitio que visite. No tenemos control sobre el contenido, las pol\u00edticas de privacidad o las pr\u00e1cticas de sitios o servicios de terceros y no asumimos ninguna responsabilidad por ellos. &nbsp; 4. Cambios en esta Pol\u00edtica de Privacidad Podemos actualizar nuestra Pol\u00edtica de Privacidad de vez en cuando. Le notificaremos [&hellip;]<\/p>\n","protected":false},"author":21,"featured_media":0,"parent":0,"menu_order":0,"comment_status":"closed","ping_status":"closed","template":"","meta":{"_acf_changed":false,"_et_pb_use_builder":"on","_et_pb_old_content":"","_et_gb_content_width":"","footnotes":""},"coauthors":[75],"class_list":["post-56665","page","type-page","status-publish","hentry"],"acf":[],"yoast_head":"<!-- This site is optimized with the Yoast SEO plugin v27.4 - https:\/\/yoast.com\/product\/yoast-seo-wordpress\/ -->\n<title>Pol\u00edtica Privacidad App M\u00f3vil R\u00e1dio Sol - Ajuntament d&#039;Albal<\/title>\n<meta name=\"robots\" content=\"index, follow, max-snippet:-1, max-image-preview:large, max-video-preview:-1\" \/>\n<link rel=\"canonical\" href=\"https:\/\/albal.es\/es\/politica-privacidad-app-radio-sol\/\" \/>\n<meta property=\"og:locale\" content=\"es_ES\" \/>\n<meta property=\"og:type\" content=\"article\" \/>\n<meta property=\"og:title\" content=\"Pol\u00edtica Privacidad App M\u00f3vil R\u00e1dio Sol - Ajuntament d&#039;Albal\" \/>\n<meta property=\"og:description\" content=\"Pol\u00edtica de Privacidad Aplicaci\u00f3n \u2013 R\u00e1dio Sol Albal \u00a0 1. Informaci\u00f3n que no recopilamos La aplicaci\u00f3n R\u00e0dio Sol Albal no recopila, almacena, ni comparte ning\u00fan tipo de informaci\u00f3n personal del usuario. No requerimos ning\u00fan tipo de registro, ingreso de datos personales, ni acceso a informaci\u00f3n sensible de su dispositivo. &nbsp; 2. Acceso a recursos del dispositivo Para proporcionar la funcionalidad de escuchar radio online, la aplicaci\u00f3n puede requerir acceso a la conexi\u00f3n de internet de su dispositivo. Este acceso es necesario \u00fanicamente para la transmisi\u00f3n de la se\u00f1al de radio y no implica la recopilaci\u00f3n de datos personales. &nbsp; 3. Enlaces a sitios web de terceros La aplicaci\u00f3n puede contener enlaces a sitios web de terceros o servicios que no son operados por nosotros. Si hace clic en un enlace de un tercero, ser\u00e1 dirigido al sitio de ese tercero. Le recomendamos enf\u00e1ticamente que revise la Pol\u00edtica de Privacidad de cada sitio que visite. No tenemos control sobre el contenido, las pol\u00edticas de privacidad o las pr\u00e1cticas de sitios o servicios de terceros y no asumimos ninguna responsabilidad por ellos. &nbsp; 4. Cambios en esta Pol\u00edtica de Privacidad Podemos actualizar nuestra Pol\u00edtica de Privacidad de vez en cuando. Le notificaremos [&hellip;]\" \/>\n<meta property=\"og:site_name\" content=\"Ajuntament d&#039;Albal\" \/>\n<meta property=\"article:publisher\" content=\"https:\/\/facebook.com\/AjuntamentAlbal\/\" \/>\n<meta property=\"article:modified_time\" content=\"2024-07-24T09:22:21+00:00\" \/>\n<meta property=\"og:image\" content=\"https:\/\/albal.es\/content-albal\/uploads\/2020\/06\/logo-ayuntamiento-albal.png\" \/>\n\t<meta property=\"og:image:width\" content=\"367\" \/>\n\t<meta property=\"og:image:height\" content=\"332\" \/>\n\t<meta property=\"og:image:type\" content=\"image\/png\" \/>\n<meta name=\"twitter:card\" content=\"summary_large_image\" \/>\n<meta name=\"twitter:label1\" content=\"Tiempo de lectura\" \/>\n\t<meta name=\"twitter:data1\" content=\"2 minutos\" \/>\n\t<meta name=\"twitter:label2\" content=\"Written by\" \/>\n\t<meta name=\"twitter:data2\" content=\"Gonzalo Galiana\" \/>\n<script type=\"application\/ld+json\" class=\"yoast-schema-graph\">{\"@context\":\"https:\\\/\\\/schema.org\",\"@graph\":[{\"@type\":\"WebPage\",\"@id\":\"https:\\\/\\\/albal.es\\\/es\\\/politica-privacidad-app-radio-sol\\\/\",\"url\":\"https:\\\/\\\/albal.es\\\/es\\\/politica-privacidad-app-radio-sol\\\/\",\"name\":\"Pol\u00edtica Privacidad App M\u00f3vil R\u00e1dio Sol - Ajuntament d&#039;Albal\",\"isPartOf\":{\"@id\":\"https:\\\/\\\/albal.es\\\/es\\\/#website\"},\"datePublished\":\"2024-07-24T08:27:52+00:00\",\"dateModified\":\"2024-07-24T09:22:21+00:00\",\"breadcrumb\":{\"@id\":\"https:\\\/\\\/albal.es\\\/es\\\/politica-privacidad-app-radio-sol\\\/#breadcrumb\"},\"inLanguage\":\"es\",\"potentialAction\":[{\"@type\":\"ReadAction\",\"target\":[\"https:\\\/\\\/albal.es\\\/es\\\/politica-privacidad-app-radio-sol\\\/\"]}]},{\"@type\":\"BreadcrumbList\",\"@id\":\"https:\\\/\\\/albal.es\\\/es\\\/politica-privacidad-app-radio-sol\\\/#breadcrumb\",\"itemListElement\":[{\"@type\":\"ListItem\",\"position\":1,\"name\":\"Inici\",\"item\":\"https:\\\/\\\/albal.es\\\/es\\\/\"},{\"@type\":\"ListItem\",\"position\":2,\"name\":\"Pol\u00edtica Privacidad App M\u00f3vil R\u00e1dio Sol\"}]},{\"@type\":\"WebSite\",\"@id\":\"https:\\\/\\\/albal.es\\\/es\\\/#website\",\"url\":\"https:\\\/\\\/albal.es\\\/es\\\/\",\"name\":\"Ajuntament d&#039;Albal\",\"description\":\"Ajuntament d&#039;Albal\",\"publisher\":{\"@id\":\"https:\\\/\\\/albal.es\\\/es\\\/#organization\"},\"potentialAction\":[{\"@type\":\"SearchAction\",\"target\":{\"@type\":\"EntryPoint\",\"urlTemplate\":\"https:\\\/\\\/albal.es\\\/es\\\/?s={search_term_string}\"},\"query-input\":{\"@type\":\"PropertyValueSpecification\",\"valueRequired\":true,\"valueName\":\"search_term_string\"}}],\"inLanguage\":\"es\"},{\"@type\":\"Organization\",\"@id\":\"https:\\\/\\\/albal.es\\\/es\\\/#organization\",\"name\":\"Ajuntament d'Albal - Valencia\",\"url\":\"https:\\\/\\\/albal.es\\\/es\\\/\",\"logo\":{\"@type\":\"ImageObject\",\"inLanguage\":\"es\",\"@id\":\"https:\\\/\\\/albal.es\\\/es\\\/#\\\/schema\\\/logo\\\/image\\\/\",\"url\":\"https:\\\/\\\/albal.es\\\/content-albal\\\/uploads\\\/2020\\\/06\\\/logo-ayuntamiento-albal.png\",\"contentUrl\":\"https:\\\/\\\/albal.es\\\/content-albal\\\/uploads\\\/2020\\\/06\\\/logo-ayuntamiento-albal.png\",\"width\":367,\"height\":332,\"caption\":\"Ajuntament d'Albal - Valencia\"},\"image\":{\"@id\":\"https:\\\/\\\/albal.es\\\/es\\\/#\\\/schema\\\/logo\\\/image\\\/\"},\"sameAs\":[\"https:\\\/\\\/facebook.com\\\/AjuntamentAlbal\\\/\"]}]}<\/script>\n<!-- \/ Yoast SEO plugin. -->","yoast_head_json":{"title":"Pol\u00edtica Privacidad App M\u00f3vil R\u00e1dio Sol - Ajuntament d&#039;Albal","robots":{"index":"index","follow":"follow","max-snippet":"max-snippet:-1","max-image-preview":"max-image-preview:large","max-video-preview":"max-video-preview:-1"},"canonical":"https:\/\/albal.es\/es\/politica-privacidad-app-radio-sol\/","og_locale":"es_ES","og_type":"article","og_title":"Pol\u00edtica Privacidad App M\u00f3vil R\u00e1dio Sol - Ajuntament d&#039;Albal","og_description":"Pol\u00edtica de Privacidad Aplicaci\u00f3n \u2013 R\u00e1dio Sol Albal \u00a0 1. Informaci\u00f3n que no recopilamos La aplicaci\u00f3n R\u00e0dio Sol Albal no recopila, almacena, ni comparte ning\u00fan tipo de informaci\u00f3n personal del usuario. No requerimos ning\u00fan tipo de registro, ingreso de datos personales, ni acceso a informaci\u00f3n sensible de su dispositivo. &nbsp; 2. Acceso a recursos del dispositivo Para proporcionar la funcionalidad de escuchar radio online, la aplicaci\u00f3n puede requerir acceso a la conexi\u00f3n de internet de su dispositivo. Este acceso es necesario \u00fanicamente para la transmisi\u00f3n de la se\u00f1al de radio y no implica la recopilaci\u00f3n de datos personales. &nbsp; 3. Enlaces a sitios web de terceros La aplicaci\u00f3n puede contener enlaces a sitios web de terceros o servicios que no son operados por nosotros. Si hace clic en un enlace de un tercero, ser\u00e1 dirigido al sitio de ese tercero. Le recomendamos enf\u00e1ticamente que revise la Pol\u00edtica de Privacidad de cada sitio que visite. No tenemos control sobre el contenido, las pol\u00edticas de privacidad o las pr\u00e1cticas de sitios o servicios de terceros y no asumimos ninguna responsabilidad por ellos. &nbsp; 4. Cambios en esta Pol\u00edtica de Privacidad Podemos actualizar nuestra Pol\u00edtica de Privacidad de vez en cuando. Le notificaremos [&hellip;]","og_site_name":"Ajuntament d&#039;Albal","article_publisher":"https:\/\/facebook.com\/AjuntamentAlbal\/","article_modified_time":"2024-07-24T09:22:21+00:00","og_image":[{"width":367,"height":332,"url":"https:\/\/albal.es\/content-albal\/uploads\/2020\/06\/logo-ayuntamiento-albal.png","type":"image\/png"}],"twitter_card":"summary_large_image","twitter_misc":{"Tiempo de lectura":"2 minutos","Written by":"Gonzalo Galiana"},"schema":{"@context":"https:\/\/schema.org","@graph":[{"@type":"WebPage","@id":"https:\/\/albal.es\/es\/politica-privacidad-app-radio-sol\/","url":"https:\/\/albal.es\/es\/politica-privacidad-app-radio-sol\/","name":"Pol\u00edtica Privacidad App M\u00f3vil R\u00e1dio Sol - Ajuntament d&#039;Albal","isPartOf":{"@id":"https:\/\/albal.es\/es\/#website"},"datePublished":"2024-07-24T08:27:52+00:00","dateModified":"2024-07-24T09:22:21+00:00","breadcrumb":{"@id":"https:\/\/albal.es\/es\/politica-privacidad-app-radio-sol\/#breadcrumb"},"inLanguage":"es","potentialAction":[{"@type":"ReadAction","target":["https:\/\/albal.es\/es\/politica-privacidad-app-radio-sol\/"]}]},{"@type":"BreadcrumbList","@id":"https:\/\/albal.es\/es\/politica-privacidad-app-radio-sol\/#breadcrumb","itemListElement":[{"@type":"ListItem","position":1,"name":"Inici","item":"https:\/\/albal.es\/es\/"},{"@type":"ListItem","position":2,"name":"Pol\u00edtica Privacidad App M\u00f3vil R\u00e1dio Sol"}]},{"@type":"WebSite","@id":"https:\/\/albal.es\/es\/#website","url":"https:\/\/albal.es\/es\/","name":"Ajuntament d&#039;Albal","description":"Ajuntament d&#039;Albal","publisher":{"@id":"https:\/\/albal.es\/es\/#organization"},"potentialAction":[{"@type":"SearchAction","target":{"@type":"EntryPoint","urlTemplate":"https:\/\/albal.es\/es\/?s={search_term_string}"},"query-input":{"@type":"PropertyValueSpecification","valueRequired":true,"valueName":"search_term_string"}}],"inLanguage":"es"},{"@type":"Organization","@id":"https:\/\/albal.es\/es\/#organization","name":"Ajuntament d'Albal - Valencia","url":"https:\/\/albal.es\/es\/","logo":{"@type":"ImageObject","inLanguage":"es","@id":"https:\/\/albal.es\/es\/#\/schema\/logo\/image\/","url":"https:\/\/albal.es\/content-albal\/uploads\/2020\/06\/logo-ayuntamiento-albal.png","contentUrl":"https:\/\/albal.es\/content-albal\/uploads\/2020\/06\/logo-ayuntamiento-albal.png","width":367,"height":332,"caption":"Ajuntament d'Albal - Valencia"},"image":{"@id":"https:\/\/albal.es\/es\/#\/schema\/logo\/image\/"},"sameAs":["https:\/\/facebook.com\/AjuntamentAlbal\/"]}]}},"publishpress_future_workflow_manual_trigger":{"enabledWorkflows":[]},"_links":{"self":[{"href":"https:\/\/albal.es\/es\/wp-json\/wp\/v2\/pages\/56665","targetHints":{"allow":["GET"]}}],"collection":[{"href":"https:\/\/albal.es\/es\/wp-json\/wp\/v2\/pages"}],"about":[{"href":"https:\/\/albal.es\/es\/wp-json\/wp\/v2\/types\/page"}],"author":[{"embeddable":true,"href":"https:\/\/albal.es\/es\/wp-json\/wp\/v2\/users\/21"}],"replies":[{"embeddable":true,"href":"https:\/\/albal.es\/es\/wp-json\/wp\/v2\/comments?post=56665"}],"version-history":[{"count":0,"href":"https:\/\/albal.es\/es\/wp-json\/wp\/v2\/pages\/56665\/revisions"}],"wp:attachment":[{"href":"https:\/\/albal.es\/es\/wp-json\/wp\/v2\/media?parent=56665"}],"wp:term":[{"taxonomy":"author","embeddable":true,"href":"https:\/\/albal.es\/es\/wp-json\/wp\/v2\/coauthors?post=56665"}],"curies":[{"name":"wp","href":"https:\/\/api.w.org\/{rel}","templated":true}]}}