

{"id":52778,"date":"2023-12-04T14:27:19","date_gmt":"2023-12-04T13:27:19","guid":{"rendered":"https:\/\/albal.es\/?page_id=52778"},"modified":"2025-12-09T09:31:22","modified_gmt":"2025-12-09T08:31:22","slug":"postalesnavidad-c","status":"publish","type":"page","link":"https:\/\/albal.es\/es\/areas-y-servicios-2\/educacion-cultura-y-deportes\/cultura\/postalesnavidad-c\/","title":{"rendered":"Concurso de Postales de Navidad \u2013 Grupo C"},"content":{"rendered":"<p>[et_pb_section fb_built=\u00bb1&#8243; admin_label=\u00bbsection\u00bb _builder_version=\u00bb4.16&#8243; global_colors_info=\u00bb{}\u00bb][et_pb_row _builder_version=\u00bb4.16&#8243; _module_preset=\u00bbdefault\u00bb global_colors_info=\u00bb{}\u00bb][et_pb_column type=\u00bb4_4&#8243; _builder_version=\u00bb4.16&#8243; _module_preset=\u00bbdefault\u00bb global_colors_info=\u00bb{}\u00bb][et_pb_dmb_breadcrumbs admin_label=\u00bbMigas de pan\u00bb use_home_text=\u00bbon\u00bb home_text=\u00bbInicio\u00bb _builder_version=\u00bb4.16&#8243; _module_preset=\u00bbdefault\u00bb global_colors_info=\u00bb{}\u00bb][\/et_pb_dmb_breadcrumbs][\/et_pb_column][\/et_pb_row][et_pb_row admin_label=\u00bbrow\u00bb _builder_version=\u00bb4.16&#8243; background_size=\u00bbinitial\u00bb background_position=\u00bbtop_left\u00bb background_repeat=\u00bbrepeat\u00bb collapsed=\u00bboff\u00bb global_colors_info=\u00bb{}\u00bb][et_pb_column type=\u00bb4_4&#8243; _builder_version=\u00bb4.16&#8243; custom_padding=\u00bb|||\u00bb global_colors_info=\u00bb{}\u00bb custom_padding__hover=\u00bb|||\u00bb][et_pb_text admin_label=\u00bbT\u00ectol\u00bb _builder_version=\u00bb4.22.1&#8243; _module_preset=\u00bbdefault\u00bb global_colors_info=\u00bb{}\u00bb]<\/p>\n<h2>Concurso de Postales de Navidad &#8211; Grupo C<\/h2>\n<p>[\/et_pb_text][et_pb_text admin_label=\u00bbInstruccions\u00bb _builder_version=\u00bb4.27.5&#8243; _module_preset=\u00bbdefault\u00bb hover_enabled=\u00bb0&#8243; global_colors_info=\u00bb{}\u00bb sticky_enabled=\u00bb0&#8243;]<\/p>\n<h5>Instrucciones:<\/h5>\n<ul>\n<li>S\u00f3lo se puede votar por una postal de cada uno de los Grupos (A, B, C y D).<\/li>\n<li>Solo se permite un voto por persona y grupo.<\/li>\n<li>Para votar por una postal tiene que marcar la estrella que aparece bajo de la postal.<\/li>\n<li>Si quiere cambiar su voto deber\u00e1 pulsar sobre la postal que ha votado y desmarcar su voto haciendo clic sobre la flecha que aparece al lado de la estrella (debajo del dibujo). Despu\u00e9s ya podr\u00e1 realizar el nuevo voto.<\/li>\n<li>Para ver la postal m\u00e1s grande (o descargarla) pulse sobre la imagen.<\/li>\n<\/ul>\n<p><strong>Plazo de votaci\u00f3n hasta el 9 de diciembre.<\/strong><\/p>\n<p>[\/et_pb_text][et_pb_code _builder_version=\u00bb4.27.5&#8243; _module_preset=\u00bbdefault\u00bb global_colors_info=\u00bb{}\u00bb]<input type='hidden' id='cgPageUrl' value='https:\/\/albal.es\/es\/wp-json\/wp\/v2\/pages\/52778\/'><input type='hidden' id='cgIsUserLoggedIn' value=''><p style=\"text-align: center;\">El per\u00edodo de votaci\u00f3n ha finalizado.<\/p><script>\n    \/\/console.log('console.log test loader load');\n    \/\/debugger\n<\/script>\n[\/et_pb_code][\/et_pb_column][\/et_pb_row][et_pb_row _builder_version=\u00bb4.22.1&#8243; _module_preset=\u00bbdefault\u00bb global_colors_info=\u00bb{}\u00bb][et_pb_column type=\u00bb4_4&#8243; _builder_version=\u00bb4.22.1&#8243; _module_preset=\u00bbdefault\u00bb global_colors_info=\u00bb{}\u00bb][\/et_pb_column][\/et_pb_row][et_pb_row _builder_version=\u00bb4.22.1&#8243; _module_preset=\u00bbdefault\u00bb global_colors_info=\u00bb{}\u00bb][et_pb_column type=\u00bb4_4&#8243; _builder_version=\u00bb4.22.1&#8243; _module_preset=\u00bbdefault\u00bb global_colors_info=\u00bb{}\u00bb][\/et_pb_column][\/et_pb_row][et_pb_row _builder_version=\u00bb4.22.1&#8243; _module_preset=\u00bbdefault\u00bb global_colors_info=\u00bb{}\u00bb][et_pb_column type=\u00bb4_4&#8243; _builder_version=\u00bb4.22.1&#8243; _module_preset=\u00bbdefault\u00bb global_colors_info=\u00bb{}\u00bb][\/et_pb_column][\/et_pb_row][et_pb_row column_structure=\u00bb1_3,1_3,1_3&#8243; _builder_version=\u00bb4.16&#8243; _module_preset=\u00bbdefault\u00bb custom_margin=\u00bb||||false|false\u00bb global_colors_info=\u00bb{}\u00bb][et_pb_column type=\u00bb1_3&#8243; _builder_version=\u00bb4.16&#8243; _module_preset=\u00bbdefault\u00bb global_colors_info=\u00bb{}\u00bb][et_pb_button button_url=\u00bbhttps:\/\/albal.es\/es\/areas-y-servicios-2\/educacion-cultura-y-deportes\/cultura\/postalesnavidad-a\/\u00bb button_text=\u00bbIr a la exposici\u00f3n del Grupo A\u00bb button_alignment=\u00bbcenter\u00bb admin_label=\u00bbAnar a Grup A\u00bb _builder_version=\u00bb4.22.1&#8243; _module_preset=\u00bbdefault\u00bb custom_margin=\u00bb-200px||||false|false\u00bb global_colors_info=\u00bb{}\u00bb][\/et_pb_button][\/et_pb_column][et_pb_column type=\u00bb1_3&#8243; _builder_version=\u00bb4.16&#8243; _module_preset=\u00bbdefault\u00bb global_colors_info=\u00bb{}\u00bb][et_pb_button button_url=\u00bbhttps:\/\/albal.es\/es\/areas-y-servicios-2\/educacion-cultura-y-deportes\/cultura\/postalesnavidad-b\/\u00bb button_text=\u00bbIr a la exposici\u00f3n del Grupo B\u00bb button_alignment=\u00bbcenter\u00bb admin_label=\u00bbAnar a Grup B\u00bb _builder_version=\u00bb4.22.1&#8243; _module_preset=\u00bbdefault\u00bb custom_margin=\u00bb-200px||||false|false\u00bb global_colors_info=\u00bb{}\u00bb][\/et_pb_button][\/et_pb_column][et_pb_column type=\u00bb1_3&#8243; _builder_version=\u00bb4.16&#8243; _module_preset=\u00bbdefault\u00bb global_colors_info=\u00bb{}\u00bb][et_pb_button button_url=\u00bbhttps:\/\/albal.es\/es\/areas-y-servicios-2\/educacion-cultura-y-deportes\/cultura\/postalesnavidad-d\/\u00bb button_text=\u00bbIr a la exposici\u00f3n del Grupo D\u00bb button_alignment=\u00bbcenter\u00bb disabled_on=\u00bboff|off|off\u00bb admin_label=\u00bbAnar a Grup D\u00bb _builder_version=\u00bb4.22.1&#8243; _module_preset=\u00bbdefault\u00bb custom_margin=\u00bb-200px||||false|false\u00bb global_colors_info=\u00bb{}\u00bb][\/et_pb_button][\/et_pb_column][\/et_pb_row][et_pb_row _builder_version=\u00bb4.22.1&#8243; _module_preset=\u00bbdefault\u00bb global_colors_info=\u00bb{}\u00bb][et_pb_column type=\u00bb4_4&#8243; _builder_version=\u00bb4.22.1&#8243; _module_preset=\u00bbdefault\u00bb global_colors_info=\u00bb{}\u00bb][et_pb_button button_url=\u00bbhttps:\/\/albal.es\/es\/areas-y-servicios-2\/educacion-cultura-y-deportes\/cultura\/\u00bb button_text=\u00bbVolver a la p\u00e1gina de cultura\u00bb button_alignment=\u00bbcenter\u00bb admin_label=\u00bbTornar a cultura\u00bb _builder_version=\u00bb4.22.1&#8243; _module_preset=\u00bbdefault\u00bb custom_margin=\u00bb-200px||||false|false\u00bb global_colors_info=\u00bb{}\u00bb][\/et_pb_button][\/et_pb_column][\/et_pb_row][\/et_pb_section]<\/p>\n","protected":false},"excerpt":{"rendered":"<p>Concurso de Postales de Navidad &#8211; Grupo CInstrucciones: S\u00f3lo se puede votar por una postal de cada uno de los Grupos (A, B, C y D). Solo se permite un voto por persona y grupo. Para votar por una postal tiene que marcar la estrella que aparece bajo de la postal. Si quiere cambiar su voto deber\u00e1 pulsar sobre la postal que ha votado y desmarcar su voto haciendo clic sobre la flecha que aparece al lado de la estrella (debajo del dibujo). Despu\u00e9s ya podr\u00e1 realizar el nuevo voto. Para ver la postal m\u00e1s grande (o descargarla) pulse sobre la imagen. Plazo de votaci\u00f3n hasta el 9 de diciembre.<input type='hidden' id='cgPageUrl' value='https:\/\/albal.es\/es\/wp-json\/wp\/v2\/pages\/52778\/'><input type='hidden' id='cgIsUserLoggedIn' value=''><p style=\"text-align: center;\">El per\u00edodo de votaci\u00f3n ha finalizado.<\/p><script>\n    \/\/console.log('console.log test loader load');\n    \/\/debugger\n<\/script>\n<\/p>\n","protected":false},"author":19,"featured_media":0,"parent":698,"menu_order":0,"comment_status":"closed","ping_status":"closed","template":"","meta":{"_acf_changed":false,"_et_pb_use_builder":"on","_et_pb_old_content":"","_et_gb_content_width":"","footnotes":""},"coauthors":[63],"class_list":["post-52778","page","type-page","status-publish","hentry"],"acf":[],"yoast_head":"<!-- This site is optimized with the Yoast SEO plugin v27.4 - https:\/\/yoast.com\/product\/yoast-seo-wordpress\/ -->\n<title>Concurso de Postales de Navidad \u2013 Grupo C - Ajuntament d&#039;Albal<\/title>\n<meta name=\"robots\" content=\"index, follow, max-snippet:-1, max-image-preview:large, max-video-preview:-1\" \/>\n<link rel=\"canonical\" href=\"https:\/\/albal.es\/es\/areas-y-servicios-2\/educacion-cultura-y-deportes\/cultura\/postalesnavidad-c\/\" \/>\n<meta property=\"og:locale\" content=\"es_ES\" \/>\n<meta property=\"og:type\" content=\"article\" \/>\n<meta property=\"og:title\" content=\"Concurso de Postales de Navidad \u2013 Grupo C - Ajuntament d&#039;Albal\" \/>\n<meta property=\"og:description\" content=\"Concurso de Postales de Navidad - Grupo CInstrucciones: S\u00f3lo se puede votar por una postal de cada uno de los Grupos (A, B, C y D). Solo se permite un voto por persona y grupo. Para votar por una postal tiene que marcar la estrella que aparece bajo de la postal. Si quiere cambiar su voto deber\u00e1 pulsar sobre la postal que ha votado y desmarcar su voto haciendo clic sobre la flecha que aparece al lado de la estrella (debajo del dibujo). Despu\u00e9s ya podr\u00e1 realizar el nuevo voto. Para ver la postal m\u00e1s grande (o descargarla) pulse sobre la imagen. Plazo de votaci\u00f3n hasta el 9 de diciembre.\" \/>\n<meta property=\"og:site_name\" content=\"Ajuntament d&#039;Albal\" \/>\n<meta property=\"article:publisher\" content=\"https:\/\/facebook.com\/AjuntamentAlbal\/\" \/>\n<meta property=\"article:modified_time\" content=\"2025-12-09T08:31:22+00:00\" \/>\n<meta property=\"og:image\" content=\"https:\/\/albal.es\/content-albal\/uploads\/2020\/06\/logo-ayuntamiento-albal.png\" \/>\n\t<meta property=\"og:image:width\" content=\"367\" \/>\n\t<meta property=\"og:image:height\" content=\"332\" \/>\n\t<meta property=\"og:image:type\" content=\"image\/png\" \/>\n<meta name=\"twitter:card\" content=\"summary_large_image\" \/>\n<meta name=\"twitter:label1\" content=\"Tiempo de lectura\" \/>\n\t<meta name=\"twitter:data1\" content=\"3 minutos\" \/>\n\t<meta name=\"twitter:label2\" content=\"Written by\" \/>\n\t<meta name=\"twitter:data2\" content=\"Aida Beltr\u00e1n\" \/>\n<script type=\"application\/ld+json\" class=\"yoast-schema-graph\">{\"@context\":\"https:\\\/\\\/schema.org\",\"@graph\":[{\"@type\":\"WebPage\",\"@id\":\"https:\\\/\\\/albal.es\\\/es\\\/areas-y-servicios-2\\\/educacion-cultura-y-deportes\\\/cultura\\\/postalesnavidad-c\\\/\",\"url\":\"https:\\\/\\\/albal.es\\\/es\\\/areas-y-servicios-2\\\/educacion-cultura-y-deportes\\\/cultura\\\/postalesnavidad-c\\\/\",\"name\":\"Concurso de Postales de Navidad \u2013 Grupo C - Ajuntament d&#039;Albal\",\"isPartOf\":{\"@id\":\"https:\\\/\\\/albal.es\\\/es\\\/#website\"},\"datePublished\":\"2023-12-04T13:27:19+00:00\",\"dateModified\":\"2025-12-09T08:31:22+00:00\",\"breadcrumb\":{\"@id\":\"https:\\\/\\\/albal.es\\\/es\\\/areas-y-servicios-2\\\/educacion-cultura-y-deportes\\\/cultura\\\/postalesnavidad-c\\\/#breadcrumb\"},\"inLanguage\":\"es\",\"potentialAction\":[{\"@type\":\"ReadAction\",\"target\":[\"https:\\\/\\\/albal.es\\\/es\\\/areas-y-servicios-2\\\/educacion-cultura-y-deportes\\\/cultura\\\/postalesnavidad-c\\\/\"]}]},{\"@type\":\"BreadcrumbList\",\"@id\":\"https:\\\/\\\/albal.es\\\/es\\\/areas-y-servicios-2\\\/educacion-cultura-y-deportes\\\/cultura\\\/postalesnavidad-c\\\/#breadcrumb\",\"itemListElement\":[{\"@type\":\"ListItem\",\"position\":1,\"name\":\"Inici\",\"item\":\"https:\\\/\\\/albal.es\\\/es\\\/\"},{\"@type\":\"ListItem\",\"position\":2,\"name\":\"\u00c1reas y Servicios\",\"item\":\"https:\\\/\\\/albal.es\\\/es\\\/areas-y-servicios-2\\\/\"},{\"@type\":\"ListItem\",\"position\":3,\"name\":\"Educaci\u00f3n, cultura y deportes\",\"item\":\"https:\\\/\\\/albal.es\\\/es\\\/areas-y-servicios-2\\\/educacion-cultura-y-deportes\\\/\"},{\"@type\":\"ListItem\",\"position\":4,\"name\":\"Cultura\",\"item\":\"https:\\\/\\\/albal.es\\\/es\\\/areas-y-servicios-2\\\/educacion-cultura-y-deportes\\\/cultura\\\/\"},{\"@type\":\"ListItem\",\"position\":5,\"name\":\"Concurso de Postales de Navidad \u2013 Grupo C\"}]},{\"@type\":\"WebSite\",\"@id\":\"https:\\\/\\\/albal.es\\\/es\\\/#website\",\"url\":\"https:\\\/\\\/albal.es\\\/es\\\/\",\"name\":\"Ajuntament d&#039;Albal\",\"description\":\"Ajuntament d&#039;Albal\",\"publisher\":{\"@id\":\"https:\\\/\\\/albal.es\\\/es\\\/#organization\"},\"potentialAction\":[{\"@type\":\"SearchAction\",\"target\":{\"@type\":\"EntryPoint\",\"urlTemplate\":\"https:\\\/\\\/albal.es\\\/es\\\/?s={search_term_string}\"},\"query-input\":{\"@type\":\"PropertyValueSpecification\",\"valueRequired\":true,\"valueName\":\"search_term_string\"}}],\"inLanguage\":\"es\"},{\"@type\":\"Organization\",\"@id\":\"https:\\\/\\\/albal.es\\\/es\\\/#organization\",\"name\":\"Ajuntament d'Albal - Valencia\",\"url\":\"https:\\\/\\\/albal.es\\\/es\\\/\",\"logo\":{\"@type\":\"ImageObject\",\"inLanguage\":\"es\",\"@id\":\"https:\\\/\\\/albal.es\\\/es\\\/#\\\/schema\\\/logo\\\/image\\\/\",\"url\":\"https:\\\/\\\/albal.es\\\/content-albal\\\/uploads\\\/2020\\\/06\\\/logo-ayuntamiento-albal.png\",\"contentUrl\":\"https:\\\/\\\/albal.es\\\/content-albal\\\/uploads\\\/2020\\\/06\\\/logo-ayuntamiento-albal.png\",\"width\":367,\"height\":332,\"caption\":\"Ajuntament d'Albal - Valencia\"},\"image\":{\"@id\":\"https:\\\/\\\/albal.es\\\/es\\\/#\\\/schema\\\/logo\\\/image\\\/\"},\"sameAs\":[\"https:\\\/\\\/facebook.com\\\/AjuntamentAlbal\\\/\"]}]}<\/script>\n<!-- \/ Yoast SEO plugin. -->","yoast_head_json":{"title":"Concurso de Postales de Navidad \u2013 Grupo C - Ajuntament d&#039;Albal","robots":{"index":"index","follow":"follow","max-snippet":"max-snippet:-1","max-image-preview":"max-image-preview:large","max-video-preview":"max-video-preview:-1"},"canonical":"https:\/\/albal.es\/es\/areas-y-servicios-2\/educacion-cultura-y-deportes\/cultura\/postalesnavidad-c\/","og_locale":"es_ES","og_type":"article","og_title":"Concurso de Postales de Navidad \u2013 Grupo C - Ajuntament d&#039;Albal","og_description":"Concurso de Postales de Navidad - Grupo CInstrucciones: S\u00f3lo se puede votar por una postal de cada uno de los Grupos (A, B, C y D). Solo se permite un voto por persona y grupo. Para votar por una postal tiene que marcar la estrella que aparece bajo de la postal. Si quiere cambiar su voto deber\u00e1 pulsar sobre la postal que ha votado y desmarcar su voto haciendo clic sobre la flecha que aparece al lado de la estrella (debajo del dibujo). Despu\u00e9s ya podr\u00e1 realizar el nuevo voto. Para ver la postal m\u00e1s grande (o descargarla) pulse sobre la imagen. Plazo de votaci\u00f3n hasta el 9 de diciembre.","og_site_name":"Ajuntament d&#039;Albal","article_publisher":"https:\/\/facebook.com\/AjuntamentAlbal\/","article_modified_time":"2025-12-09T08:31:22+00:00","og_image":[{"width":367,"height":332,"url":"https:\/\/albal.es\/content-albal\/uploads\/2020\/06\/logo-ayuntamiento-albal.png","type":"image\/png"}],"twitter_card":"summary_large_image","twitter_misc":{"Tiempo de lectura":"3 minutos","Written by":"Aida Beltr\u00e1n"},"schema":{"@context":"https:\/\/schema.org","@graph":[{"@type":"WebPage","@id":"https:\/\/albal.es\/es\/areas-y-servicios-2\/educacion-cultura-y-deportes\/cultura\/postalesnavidad-c\/","url":"https:\/\/albal.es\/es\/areas-y-servicios-2\/educacion-cultura-y-deportes\/cultura\/postalesnavidad-c\/","name":"Concurso de Postales de Navidad \u2013 Grupo C - Ajuntament d&#039;Albal","isPartOf":{"@id":"https:\/\/albal.es\/es\/#website"},"datePublished":"2023-12-04T13:27:19+00:00","dateModified":"2025-12-09T08:31:22+00:00","breadcrumb":{"@id":"https:\/\/albal.es\/es\/areas-y-servicios-2\/educacion-cultura-y-deportes\/cultura\/postalesnavidad-c\/#breadcrumb"},"inLanguage":"es","potentialAction":[{"@type":"ReadAction","target":["https:\/\/albal.es\/es\/areas-y-servicios-2\/educacion-cultura-y-deportes\/cultura\/postalesnavidad-c\/"]}]},{"@type":"BreadcrumbList","@id":"https:\/\/albal.es\/es\/areas-y-servicios-2\/educacion-cultura-y-deportes\/cultura\/postalesnavidad-c\/#breadcrumb","itemListElement":[{"@type":"ListItem","position":1,"name":"Inici","item":"https:\/\/albal.es\/es\/"},{"@type":"ListItem","position":2,"name":"\u00c1reas y Servicios","item":"https:\/\/albal.es\/es\/areas-y-servicios-2\/"},{"@type":"ListItem","position":3,"name":"Educaci\u00f3n, cultura y deportes","item":"https:\/\/albal.es\/es\/areas-y-servicios-2\/educacion-cultura-y-deportes\/"},{"@type":"ListItem","position":4,"name":"Cultura","item":"https:\/\/albal.es\/es\/areas-y-servicios-2\/educacion-cultura-y-deportes\/cultura\/"},{"@type":"ListItem","position":5,"name":"Concurso de Postales de Navidad \u2013 Grupo C"}]},{"@type":"WebSite","@id":"https:\/\/albal.es\/es\/#website","url":"https:\/\/albal.es\/es\/","name":"Ajuntament d&#039;Albal","description":"Ajuntament d&#039;Albal","publisher":{"@id":"https:\/\/albal.es\/es\/#organization"},"potentialAction":[{"@type":"SearchAction","target":{"@type":"EntryPoint","urlTemplate":"https:\/\/albal.es\/es\/?s={search_term_string}"},"query-input":{"@type":"PropertyValueSpecification","valueRequired":true,"valueName":"search_term_string"}}],"inLanguage":"es"},{"@type":"Organization","@id":"https:\/\/albal.es\/es\/#organization","name":"Ajuntament d'Albal - Valencia","url":"https:\/\/albal.es\/es\/","logo":{"@type":"ImageObject","inLanguage":"es","@id":"https:\/\/albal.es\/es\/#\/schema\/logo\/image\/","url":"https:\/\/albal.es\/content-albal\/uploads\/2020\/06\/logo-ayuntamiento-albal.png","contentUrl":"https:\/\/albal.es\/content-albal\/uploads\/2020\/06\/logo-ayuntamiento-albal.png","width":367,"height":332,"caption":"Ajuntament d'Albal - Valencia"},"image":{"@id":"https:\/\/albal.es\/es\/#\/schema\/logo\/image\/"},"sameAs":["https:\/\/facebook.com\/AjuntamentAlbal\/"]}]}},"publishpress_future_workflow_manual_trigger":{"enabledWorkflows":[]},"_links":{"self":[{"href":"https:\/\/albal.es\/es\/wp-json\/wp\/v2\/pages\/52778","targetHints":{"allow":["GET"]}}],"collection":[{"href":"https:\/\/albal.es\/es\/wp-json\/wp\/v2\/pages"}],"about":[{"href":"https:\/\/albal.es\/es\/wp-json\/wp\/v2\/types\/page"}],"author":[{"embeddable":true,"href":"https:\/\/albal.es\/es\/wp-json\/wp\/v2\/users\/19"}],"replies":[{"embeddable":true,"href":"https:\/\/albal.es\/es\/wp-json\/wp\/v2\/comments?post=52778"}],"version-history":[{"count":0,"href":"https:\/\/albal.es\/es\/wp-json\/wp\/v2\/pages\/52778\/revisions"}],"up":[{"embeddable":true,"href":"https:\/\/albal.es\/es\/wp-json\/wp\/v2\/pages\/698"}],"wp:attachment":[{"href":"https:\/\/albal.es\/es\/wp-json\/wp\/v2\/media?parent=52778"}],"wp:term":[{"taxonomy":"author","embeddable":true,"href":"https:\/\/albal.es\/es\/wp-json\/wp\/v2\/coauthors?post=52778"}],"curies":[{"name":"wp","href":"https:\/\/api.w.org\/{rel}","templated":true}]}}