

{"id":15512,"date":"2021-02-10T14:25:33","date_gmt":"2021-02-10T13:25:33","guid":{"rendered":"https:\/\/albal.es\/areas-y-servicios-2\/urbanismo-y-medio-ambiente\/planeamiento-y-gestion\/encuesta-diseno-plaza-jardi\/"},"modified":"2021-02-10T14:52:42","modified_gmt":"2021-02-10T13:52:42","slug":"encuesta-diseno-plaza-jardi","status":"publish","type":"page","link":"https:\/\/albal.es\/es\/areas-y-servicios-2\/urbanismo-y-medio-ambiente\/planeamiento-y-gestion\/encuesta-diseno-plaza-jardi\/","title":{"rendered":"Encuesta dise\u00f1o Pla\u00e7a del Jard\u00ed"},"content":{"rendered":"<p>[et_pb_section fb_built=\u00bb1&#8243; custom_padding_last_edited=\u00bbon|phone\u00bb admin_label=\u00bbcontent-cab-area\u00bb module_class=\u00bbcontent-cab-area\u00bb _builder_version=\u00bb3.29.3&#8243; background_color=\u00bb#fafafa\u00bb custom_padding=\u00bb15px||25px||false|false\u00bb custom_padding_tablet=\u00bb\u00bb custom_padding_phone=\u00bb||0px||false|false\u00bb collapsed=\u00bboff\u00bb][et_pb_row disabled_on=\u00bbon|off|off\u00bb admin_label=\u00bbDesabilitado en moviles (Content migas pan)\u00bb _builder_version=\u00bb4.0.7&#8243; custom_padding=\u00bb0px||0px||false|false\u00bb locked=\u00bbon\u00bb collapsed=\u00bbon\u00bb][et_pb_column type=\u00bb4_4&#8243; _builder_version=\u00bb4.0.7&#8243;][et_pb_dmb_breadcrumbs admin_label=\u00bbMigas pan\u00bb font_icon=\u00bb%%20%%\u00bb use_home_icon=\u00bboff\u00bb use_home_text=\u00bbon\u00bb home_text=\u00bbInicio\u00bb _builder_version=\u00bb3.29.3&#8243;][\/et_pb_dmb_breadcrumbs][\/et_pb_column][\/et_pb_row][\/et_pb_section][et_pb_section fb_built=\u00bb1&#8243; disabled_on=\u00bboff|off|off\u00bb admin_label=\u00bbEncuesta dise\u00f1o Pla\u00e7a del Jard\u00ed\u00bb _builder_version=\u00bb4.5.1&#8243; _module_preset=\u00bbdefault\u00bb collapsed=\u00bboff\u00bb][et_pb_row _builder_version=\u00bb4.5.1&#8243; _module_preset=\u00bbdefault\u00bb][et_pb_column type=\u00bb4_4&#8243; _builder_version=\u00bb4.5.1&#8243; _module_preset=\u00bbdefault\u00bb][et_pb_code _builder_version=\u00bb4.5.1&#8243; _module_preset=\u00bbdefault\u00bb][crowdsignal type=\u00bbiframe\u00bb survey=\u00bbF638BFB7F6249F82&#8243; height=\u00bbauto\u00bb domain=\u00bbculturaalbal\u00bb id=\u00bbdise\u00f1o-de-la-pla\u00e7a-del-jard\u00ed-copy\u00bb][\/et_pb_code][\/et_pb_column][\/et_pb_row][\/et_pb_section]<\/p>\n","protected":false},"excerpt":{"rendered":"<p>[crowdsignal type=\u00bbiframe\u00bb survey=\u00bbF638BFB7F6249F82&#8243; height=\u00bbauto\u00bb domain=\u00bbculturaalbal\u00bb id=\u00bbdise\u00f1o-de-la-pla\u00e7a-del-jard\u00ed-copy\u00bb]<\/p>\n","protected":false},"author":21,"featured_media":0,"parent":660,"menu_order":0,"comment_status":"closed","ping_status":"closed","template":"","meta":{"_acf_changed":false,"_et_pb_use_builder":"on","_et_pb_old_content":"","_et_gb_content_width":"","footnotes":""},"coauthors":[75],"class_list":["post-15512","page","type-page","status-publish","hentry"],"acf":[],"yoast_head":"<!-- This site is optimized with the Yoast SEO plugin v27.5 - https:\/\/yoast.com\/product\/yoast-seo-wordpress\/ -->\n<title>Encuesta dise\u00f1o Pla\u00e7a del Jard\u00ed - Ajuntament d&#039;Albal<\/title>\n<meta name=\"robots\" content=\"index, follow, max-snippet:-1, max-image-preview:large, max-video-preview:-1\" \/>\n<link rel=\"canonical\" href=\"https:\/\/albal.es\/es\/areas-y-servicios-2\/urbanismo-y-medio-ambiente\/planeamiento-y-gestion\/encuesta-diseno-plaza-jardi\/\" \/>\n<meta property=\"og:locale\" content=\"es_ES\" \/>\n<meta property=\"og:type\" content=\"article\" \/>\n<meta property=\"og:title\" content=\"Encuesta dise\u00f1o Pla\u00e7a del Jard\u00ed - Ajuntament d&#039;Albal\" \/>\n<meta property=\"og:description\" content=\"[crowdsignal type=&quot;iframe&quot; survey=&quot;F638BFB7F6249F82&quot; height=&quot;auto&quot; domain=&quot;culturaalbal&quot; id=&quot;dise\u00f1o-de-la-pla\u00e7a-del-jard\u00ed-copy&quot;]\" \/>\n<meta property=\"og:site_name\" content=\"Ajuntament d&#039;Albal\" \/>\n<meta property=\"article:publisher\" content=\"https:\/\/facebook.com\/AjuntamentAlbal\/\" \/>\n<meta property=\"article:modified_time\" content=\"2021-02-10T13:52:42+00:00\" \/>\n<meta property=\"og:image\" content=\"https:\/\/albal.es\/content-albal\/uploads\/2020\/06\/logo-ayuntamiento-albal.png\" \/>\n\t<meta property=\"og:image:width\" content=\"367\" \/>\n\t<meta property=\"og:image:height\" content=\"332\" \/>\n\t<meta property=\"og:image:type\" content=\"image\/png\" \/>\n<meta name=\"twitter:card\" content=\"summary_large_image\" \/>\n<meta name=\"twitter:label1\" content=\"Tiempo de lectura\" \/>\n\t<meta name=\"twitter:data1\" content=\"1 minuto\" \/>\n\t<meta name=\"twitter:label2\" content=\"Written by\" \/>\n\t<meta name=\"twitter:data2\" content=\"Gonzalo Galiana\" \/>\n<script type=\"application\/ld+json\" class=\"yoast-schema-graph\">{\"@context\":\"https:\\\/\\\/schema.org\",\"@graph\":[{\"@type\":\"WebPage\",\"@id\":\"https:\\\/\\\/albal.es\\\/es\\\/areas-y-servicios-2\\\/urbanismo-y-medio-ambiente\\\/planeamiento-y-gestion\\\/encuesta-diseno-plaza-jardi\\\/\",\"url\":\"https:\\\/\\\/albal.es\\\/es\\\/areas-y-servicios-2\\\/urbanismo-y-medio-ambiente\\\/planeamiento-y-gestion\\\/encuesta-diseno-plaza-jardi\\\/\",\"name\":\"Encuesta dise\u00f1o Pla\u00e7a del Jard\u00ed - Ajuntament d&#039;Albal\",\"isPartOf\":{\"@id\":\"https:\\\/\\\/albal.es\\\/es\\\/#website\"},\"datePublished\":\"2021-02-10T13:25:33+00:00\",\"dateModified\":\"2021-02-10T13:52:42+00:00\",\"breadcrumb\":{\"@id\":\"https:\\\/\\\/albal.es\\\/es\\\/areas-y-servicios-2\\\/urbanismo-y-medio-ambiente\\\/planeamiento-y-gestion\\\/encuesta-diseno-plaza-jardi\\\/#breadcrumb\"},\"inLanguage\":\"es\",\"potentialAction\":[{\"@type\":\"ReadAction\",\"target\":[\"https:\\\/\\\/albal.es\\\/es\\\/areas-y-servicios-2\\\/urbanismo-y-medio-ambiente\\\/planeamiento-y-gestion\\\/encuesta-diseno-plaza-jardi\\\/\"]}]},{\"@type\":\"BreadcrumbList\",\"@id\":\"https:\\\/\\\/albal.es\\\/es\\\/areas-y-servicios-2\\\/urbanismo-y-medio-ambiente\\\/planeamiento-y-gestion\\\/encuesta-diseno-plaza-jardi\\\/#breadcrumb\",\"itemListElement\":[{\"@type\":\"ListItem\",\"position\":1,\"name\":\"Inici\",\"item\":\"https:\\\/\\\/albal.es\\\/es\\\/\"},{\"@type\":\"ListItem\",\"position\":2,\"name\":\"\u00c1reas y Servicios\",\"item\":\"https:\\\/\\\/albal.es\\\/es\\\/areas-y-servicios-2\\\/\"},{\"@type\":\"ListItem\",\"position\":3,\"name\":\"Urbanismo y Medio Ambiente\",\"item\":\"https:\\\/\\\/albal.es\\\/es\\\/areas-y-servicios-2\\\/urbanismo-y-medio-ambiente\\\/\"},{\"@type\":\"ListItem\",\"position\":4,\"name\":\"Planeamiento y Gesti\u00f3n\",\"item\":\"https:\\\/\\\/albal.es\\\/es\\\/areas-y-servicios-2\\\/urbanismo-y-medio-ambiente\\\/planeamiento-y-gestion\\\/\"},{\"@type\":\"ListItem\",\"position\":5,\"name\":\"Encuesta dise\u00f1o Pla\u00e7a del Jard\u00ed\"}]},{\"@type\":\"WebSite\",\"@id\":\"https:\\\/\\\/albal.es\\\/es\\\/#website\",\"url\":\"https:\\\/\\\/albal.es\\\/es\\\/\",\"name\":\"Ajuntament d&#039;Albal\",\"description\":\"Ajuntament d&#039;Albal\",\"publisher\":{\"@id\":\"https:\\\/\\\/albal.es\\\/es\\\/#organization\"},\"potentialAction\":[{\"@type\":\"SearchAction\",\"target\":{\"@type\":\"EntryPoint\",\"urlTemplate\":\"https:\\\/\\\/albal.es\\\/es\\\/?s={search_term_string}\"},\"query-input\":{\"@type\":\"PropertyValueSpecification\",\"valueRequired\":true,\"valueName\":\"search_term_string\"}}],\"inLanguage\":\"es\"},{\"@type\":\"Organization\",\"@id\":\"https:\\\/\\\/albal.es\\\/es\\\/#organization\",\"name\":\"Ajuntament d'Albal - Valencia\",\"url\":\"https:\\\/\\\/albal.es\\\/es\\\/\",\"logo\":{\"@type\":\"ImageObject\",\"inLanguage\":\"es\",\"@id\":\"https:\\\/\\\/albal.es\\\/es\\\/#\\\/schema\\\/logo\\\/image\\\/\",\"url\":\"https:\\\/\\\/albal.es\\\/content-albal\\\/uploads\\\/2020\\\/06\\\/logo-ayuntamiento-albal.png\",\"contentUrl\":\"https:\\\/\\\/albal.es\\\/content-albal\\\/uploads\\\/2020\\\/06\\\/logo-ayuntamiento-albal.png\",\"width\":367,\"height\":332,\"caption\":\"Ajuntament d'Albal - Valencia\"},\"image\":{\"@id\":\"https:\\\/\\\/albal.es\\\/es\\\/#\\\/schema\\\/logo\\\/image\\\/\"},\"sameAs\":[\"https:\\\/\\\/facebook.com\\\/AjuntamentAlbal\\\/\"]}]}<\/script>\n<!-- \/ Yoast SEO plugin. -->","yoast_head_json":{"title":"Encuesta dise\u00f1o Pla\u00e7a del Jard\u00ed - Ajuntament d&#039;Albal","robots":{"index":"index","follow":"follow","max-snippet":"max-snippet:-1","max-image-preview":"max-image-preview:large","max-video-preview":"max-video-preview:-1"},"canonical":"https:\/\/albal.es\/es\/areas-y-servicios-2\/urbanismo-y-medio-ambiente\/planeamiento-y-gestion\/encuesta-diseno-plaza-jardi\/","og_locale":"es_ES","og_type":"article","og_title":"Encuesta dise\u00f1o Pla\u00e7a del Jard\u00ed - Ajuntament d&#039;Albal","og_description":"[crowdsignal type=\"iframe\" survey=\"F638BFB7F6249F82\" height=\"auto\" domain=\"culturaalbal\" id=\"dise\u00f1o-de-la-pla\u00e7a-del-jard\u00ed-copy\"]","og_site_name":"Ajuntament d&#039;Albal","article_publisher":"https:\/\/facebook.com\/AjuntamentAlbal\/","article_modified_time":"2021-02-10T13:52:42+00:00","og_image":[{"width":367,"height":332,"url":"https:\/\/albal.es\/content-albal\/uploads\/2020\/06\/logo-ayuntamiento-albal.png","type":"image\/png"}],"twitter_card":"summary_large_image","twitter_misc":{"Tiempo de lectura":"1 minuto","Written by":"Gonzalo Galiana"},"schema":{"@context":"https:\/\/schema.org","@graph":[{"@type":"WebPage","@id":"https:\/\/albal.es\/es\/areas-y-servicios-2\/urbanismo-y-medio-ambiente\/planeamiento-y-gestion\/encuesta-diseno-plaza-jardi\/","url":"https:\/\/albal.es\/es\/areas-y-servicios-2\/urbanismo-y-medio-ambiente\/planeamiento-y-gestion\/encuesta-diseno-plaza-jardi\/","name":"Encuesta dise\u00f1o Pla\u00e7a del Jard\u00ed - Ajuntament d&#039;Albal","isPartOf":{"@id":"https:\/\/albal.es\/es\/#website"},"datePublished":"2021-02-10T13:25:33+00:00","dateModified":"2021-02-10T13:52:42+00:00","breadcrumb":{"@id":"https:\/\/albal.es\/es\/areas-y-servicios-2\/urbanismo-y-medio-ambiente\/planeamiento-y-gestion\/encuesta-diseno-plaza-jardi\/#breadcrumb"},"inLanguage":"es","potentialAction":[{"@type":"ReadAction","target":["https:\/\/albal.es\/es\/areas-y-servicios-2\/urbanismo-y-medio-ambiente\/planeamiento-y-gestion\/encuesta-diseno-plaza-jardi\/"]}]},{"@type":"BreadcrumbList","@id":"https:\/\/albal.es\/es\/areas-y-servicios-2\/urbanismo-y-medio-ambiente\/planeamiento-y-gestion\/encuesta-diseno-plaza-jardi\/#breadcrumb","itemListElement":[{"@type":"ListItem","position":1,"name":"Inici","item":"https:\/\/albal.es\/es\/"},{"@type":"ListItem","position":2,"name":"\u00c1reas y Servicios","item":"https:\/\/albal.es\/es\/areas-y-servicios-2\/"},{"@type":"ListItem","position":3,"name":"Urbanismo y Medio Ambiente","item":"https:\/\/albal.es\/es\/areas-y-servicios-2\/urbanismo-y-medio-ambiente\/"},{"@type":"ListItem","position":4,"name":"Planeamiento y Gesti\u00f3n","item":"https:\/\/albal.es\/es\/areas-y-servicios-2\/urbanismo-y-medio-ambiente\/planeamiento-y-gestion\/"},{"@type":"ListItem","position":5,"name":"Encuesta dise\u00f1o Pla\u00e7a del Jard\u00ed"}]},{"@type":"WebSite","@id":"https:\/\/albal.es\/es\/#website","url":"https:\/\/albal.es\/es\/","name":"Ajuntament d&#039;Albal","description":"Ajuntament d&#039;Albal","publisher":{"@id":"https:\/\/albal.es\/es\/#organization"},"potentialAction":[{"@type":"SearchAction","target":{"@type":"EntryPoint","urlTemplate":"https:\/\/albal.es\/es\/?s={search_term_string}"},"query-input":{"@type":"PropertyValueSpecification","valueRequired":true,"valueName":"search_term_string"}}],"inLanguage":"es"},{"@type":"Organization","@id":"https:\/\/albal.es\/es\/#organization","name":"Ajuntament d'Albal - Valencia","url":"https:\/\/albal.es\/es\/","logo":{"@type":"ImageObject","inLanguage":"es","@id":"https:\/\/albal.es\/es\/#\/schema\/logo\/image\/","url":"https:\/\/albal.es\/content-albal\/uploads\/2020\/06\/logo-ayuntamiento-albal.png","contentUrl":"https:\/\/albal.es\/content-albal\/uploads\/2020\/06\/logo-ayuntamiento-albal.png","width":367,"height":332,"caption":"Ajuntament d'Albal - Valencia"},"image":{"@id":"https:\/\/albal.es\/es\/#\/schema\/logo\/image\/"},"sameAs":["https:\/\/facebook.com\/AjuntamentAlbal\/"]}]}},"publishpress_future_workflow_manual_trigger":{"enabledWorkflows":[]},"_links":{"self":[{"href":"https:\/\/albal.es\/es\/wp-json\/wp\/v2\/pages\/15512","targetHints":{"allow":["GET"]}}],"collection":[{"href":"https:\/\/albal.es\/es\/wp-json\/wp\/v2\/pages"}],"about":[{"href":"https:\/\/albal.es\/es\/wp-json\/wp\/v2\/types\/page"}],"author":[{"embeddable":true,"href":"https:\/\/albal.es\/es\/wp-json\/wp\/v2\/users\/21"}],"replies":[{"embeddable":true,"href":"https:\/\/albal.es\/es\/wp-json\/wp\/v2\/comments?post=15512"}],"version-history":[{"count":0,"href":"https:\/\/albal.es\/es\/wp-json\/wp\/v2\/pages\/15512\/revisions"}],"up":[{"embeddable":true,"href":"https:\/\/albal.es\/es\/wp-json\/wp\/v2\/pages\/660"}],"wp:attachment":[{"href":"https:\/\/albal.es\/es\/wp-json\/wp\/v2\/media?parent=15512"}],"wp:term":[{"taxonomy":"author","embeddable":true,"href":"https:\/\/albal.es\/es\/wp-json\/wp\/v2\/coauthors?post=15512"}],"curies":[{"name":"wp","href":"https:\/\/api.w.org\/{rel}","templated":true}]}}